{"id":18,"date":"2026-04-02T12:55:11","date_gmt":"2026-04-02T12:55:11","guid":{"rendered":"https:\/\/mm.vrob.maciejtaciak.pl\/?page_id=18"},"modified":"2026-04-14T19:47:49","modified_gmt":"2026-04-14T19:47:49","slug":"oferta","status":"publish","type":"page","link":"https:\/\/mm.vrob.maciejtaciak.pl\/?page_id=18","title":{"rendered":"Oferta"},"content":{"rendered":"\t\t<div data-elementor-type=\"wp-page\" data-elementor-id=\"18\" class=\"elementor elementor-18\" data-elementor-post-type=\"page\">\n\t\t\t\t<div class=\"elementor-element elementor-element-62c092a e-flex e-con-boxed e-con e-parent\" data-id=\"62c092a\" data-element_type=\"container\" data-e-type=\"container\" data-settings=\"{&quot;background_background&quot;:&quot;classic&quot;,&quot;shape_divider_bottom&quot;:&quot;tilt&quot;}\">\n\t\t\t\t\t<div class=\"e-con-inner\">\n\t\t\t\t<div class=\"elementor-shape elementor-shape-bottom\" aria-hidden=\"true\" data-negative=\"false\">\n\t\t\t<svg xmlns=\"http:\/\/www.w3.org\/2000\/svg\" viewBox=\"0 0 1000 100\" preserveAspectRatio=\"none\">\n\t<path class=\"elementor-shape-fill\" d=\"M0,6V0h1000v100L0,6z\"\/>\n<\/svg>\t\t<\/div>\n\t\t\t\t<div class=\"elementor-element elementor-element-e3b49e6 elementor-widget elementor-widget-heading\" data-id=\"e3b49e6\" data-element_type=\"widget\" data-e-type=\"widget\" data-widget_type=\"heading.default\">\n\t\t\t\t\t<h2 class=\"elementor-heading-title elementor-size-default\">Oferta<\/h2>\t\t\t\t<\/div>\n\t\t\t\t\t<\/div>\n\t\t\t\t<\/div>\n\t\t<div class=\"elementor-element elementor-element-85273a8 e-flex e-con-boxed e-con e-parent\" data-id=\"85273a8\" data-element_type=\"container\" data-e-type=\"container\">\n\t\t\t\t\t<div class=\"e-con-inner\">\n\t\t<div class=\"elementor-element elementor-element-7068cfa e-con-full e-flex e-con e-child\" data-id=\"7068cfa\" data-element_type=\"container\" data-e-type=\"container\">\n\t\t\t\t<div class=\"elementor-element elementor-element-1993d3d cut-left-down elementor-widget elementor-widget-image\" data-id=\"1993d3d\" data-element_type=\"widget\" data-e-type=\"widget\" data-widget_type=\"image.default\">\n\t\t\t\t\t\t\t\t\t\t\t\t\t\t\t<img fetchpriority=\"high\" decoding=\"async\" width=\"800\" height=\"534\" src=\"https:\/\/mm.vrob.maciejtaciak.pl\/wp-content\/uploads\/2026\/04\/MedMic-04-500-px.webp\" class=\"attachment-large size-large wp-image-257\" alt=\"\" srcset=\"https:\/\/mm.vrob.maciejtaciak.pl\/wp-content\/uploads\/2026\/04\/MedMic-04-500-px.webp 1000w, https:\/\/mm.vrob.maciejtaciak.pl\/wp-content\/uploads\/2026\/04\/MedMic-04-500-px-300x200.webp 300w, https:\/\/mm.vrob.maciejtaciak.pl\/wp-content\/uploads\/2026\/04\/MedMic-04-500-px-768x512.webp 768w\" sizes=\"(max-width: 800px) 100vw, 800px\" \/>\t\t\t\t\t\t\t\t\t\t\t\t\t\t\t<\/div>\n\t\t<div class=\"elementor-element elementor-element-43db0a5 e-con-full e-flex e-con e-child\" data-id=\"43db0a5\" data-element_type=\"container\" data-e-type=\"container\" data-settings=\"{&quot;position&quot;:&quot;absolute&quot;}\">\n\t\t\t\t<\/div>\n\t\t\t\t<\/div>\n\t\t<div class=\"elementor-element elementor-element-c722053 e-con-full e-flex e-con e-child\" data-id=\"c722053\" data-element_type=\"container\" data-e-type=\"container\">\n\t\t\t\t<div class=\"elementor-element elementor-element-8e05697 elementor-widget elementor-widget-heading\" data-id=\"8e05697\" data-element_type=\"widget\" data-e-type=\"widget\" data-widget_type=\"heading.default\">\n\t\t\t\t\t<h2 class=\"elementor-heading-title elementor-size-default\">Transport krajowy i mi\u0119dzynarodowy: <\/h2>\t\t\t\t<\/div>\n\t\t\t\t<div class=\"elementor-element elementor-element-7a26d65 elementor-widget elementor-widget-text-editor\" data-id=\"7a26d65\" data-element_type=\"widget\" data-e-type=\"widget\" data-widget_type=\"text-editor.default\">\n\t\t\t\t\t\t\t\t\t<ul><li style=\"font-weight: 400;\" aria-level=\"1\"><span style=\"font-weight: 400;\">dla os\u00f3b z ograniczonymi funkcjami ruchowymi, z miejsca zamieszkania do plac\u00f3wek medycznych lub pomi\u0119dzy plac\u00f3wkami medycznymi<\/span><\/li><li style=\"font-weight: 400;\" aria-level=\"1\"><span style=\"font-weight: 400;\">dla os\u00f3b wymagaj\u0105cych opieki medycznej<\/span><\/li><li style=\"font-weight: 400;\" aria-level=\"1\"><span style=\"font-weight: 400;\">dla os\u00f3b niepe\u0142nosprawnych na w\u00f3zkach inwalidzkich<\/span><\/li><\/ul><p>\u00a0<\/p><p><span style=\"font-weight: 400;\">Us\u0142ugi zawieraj\u0105 wniesienie, zniesienie osoby chorej.<\/span><\/p>\t\t\t\t\t\t\t\t<\/div>\n\t\t\t\t<div class=\"elementor-element elementor-element-25be984 elementor-widget elementor-widget-heading\" data-id=\"25be984\" data-element_type=\"widget\" data-e-type=\"widget\" data-widget_type=\"heading.default\">\n\t\t\t\t\t<h2 class=\"elementor-heading-title elementor-size-default\">Pozosta\u0142e us\u0142ugi:<\/h2>\t\t\t\t<\/div>\n\t\t\t\t<div class=\"elementor-element elementor-element-c2dc42e elementor-widget elementor-widget-text-editor\" data-id=\"c2dc42e\" data-element_type=\"widget\" data-e-type=\"widget\" data-widget_type=\"text-editor.default\">\n\t\t\t\t\t\t\t\t\t<ul><li style=\"font-weight: 400;\" aria-level=\"1\"><span style=\"font-weight: 400;\">zabezpieczenie medyczne imprez i wydarze\u0144\u00a0<\/span><\/li><li style=\"font-weight: 400;\" aria-level=\"1\"><span style=\"font-weight: 400;\">realizacj\u0119 transport\u00f3w w ramach NFZ (na podstawie um\u00f3w podpisanych z przychodniami)<\/span><\/li><\/ul>\t\t\t\t\t\t\t\t<\/div>\n\t\t\t\t<\/div>\n\t\t\t\t\t<\/div>\n\t\t\t\t<\/div>\n\t\t\t\t<\/div>\n\t\t","protected":false},"excerpt":{"rendered":"<p>Oferta Transport krajowy i mi\u0119dzynarodowy: dla os\u00f3b z ograniczonymi funkcjami ruchowymi, z miejsca zamieszkania do plac\u00f3wek medycznych lub pomi\u0119dzy plac\u00f3wkami medycznymi dla os\u00f3b wymagaj\u0105cych opieki medycznej dla os\u00f3b niepe\u0142nosprawnych na w\u00f3zkach inwalidzkich \u00a0 Us\u0142ugi zawieraj\u0105 wniesienie, zniesienie osoby chorej. Pozosta\u0142e us\u0142ugi: zabezpieczenie medyczne imprez i wydarze\u0144\u00a0 realizacj\u0119 transport\u00f3w w ramach NFZ (na podstawie um\u00f3w podpisanych [&hellip;]<\/p>\n","protected":false},"author":1,"featured_media":0,"parent":0,"menu_order":0,"comment_status":"closed","ping_status":"closed","template":"","meta":{"footnotes":""},"class_list":["post-18","page","type-page","status-publish","hentry"],"_links":{"self":[{"href":"https:\/\/mm.vrob.maciejtaciak.pl\/index.php?rest_route=\/wp\/v2\/pages\/18","targetHints":{"allow":["GET"]}}],"collection":[{"href":"https:\/\/mm.vrob.maciejtaciak.pl\/index.php?rest_route=\/wp\/v2\/pages"}],"about":[{"href":"https:\/\/mm.vrob.maciejtaciak.pl\/index.php?rest_route=\/wp\/v2\/types\/page"}],"author":[{"embeddable":true,"href":"https:\/\/mm.vrob.maciejtaciak.pl\/index.php?rest_route=\/wp\/v2\/users\/1"}],"replies":[{"embeddable":true,"href":"https:\/\/mm.vrob.maciejtaciak.pl\/index.php?rest_route=%2Fwp%2Fv2%2Fcomments&post=18"}],"version-history":[{"count":0,"href":"https:\/\/mm.vrob.maciejtaciak.pl\/index.php?rest_route=\/wp\/v2\/pages\/18\/revisions"}],"wp:attachment":[{"href":"https:\/\/mm.vrob.maciejtaciak.pl\/index.php?rest_route=%2Fwp%2Fv2%2Fmedia&parent=18"}],"curies":[{"name":"wp","href":"https:\/\/api.w.org\/{rel}","templated":true}]}}